{"id":20,"date":"2024-09-11T16:03:20","date_gmt":"2024-09-11T16:03:20","guid":{"rendered":"https:\/\/ami.com.pe\/?page_id=20"},"modified":"2024-09-26T22:51:32","modified_gmt":"2024-09-26T22:51:32","slug":"acerca-de","status":"publish","type":"page","link":"https:\/\/ami.com.pe\/index.php\/acerca-de\/","title":{"rendered":"Acerca de"},"content":{"rendered":"\t\t<div data-elementor-type=\"wp-page\" data-elementor-id=\"20\" class=\"elementor elementor-20\">\n\t\t\t\t<div class=\"elementor-element elementor-element-547cdba e-con-full e-flex e-con e-parent\" data-id=\"547cdba\" data-element_type=\"container\" data-settings=\"{&quot;background_background&quot;:&quot;classic&quot;}\">\n\t\t\t\t<div class=\"elementor-element elementor-element-41edff1 elementor-widget elementor-widget-spacer\" data-id=\"41edff1\" data-element_type=\"widget\" data-widget_type=\"spacer.default\">\n\t\t\t\t<div class=\"elementor-widget-container\">\n\t\t\t\t\t<div class=\"elementor-spacer\">\n\t\t\t<div class=\"elementor-spacer-inner\"><\/div>\n\t\t<\/div>\n\t\t\t\t<\/div>\n\t\t\t\t<\/div>\n\t\t<div class=\"elementor-element elementor-element-37058d4 e-con-full e-flex e-con e-child\" data-id=\"37058d4\" data-element_type=\"container\">\n\t\t\t\t<div class=\"elementor-element elementor-element-e148362 elementor-widget elementor-widget-spacer\" data-id=\"e148362\" data-element_type=\"widget\" data-widget_type=\"spacer.default\">\n\t\t\t\t<div class=\"elementor-widget-container\">\n\t\t\t\t\t<div class=\"elementor-spacer\">\n\t\t\t<div class=\"elementor-spacer-inner\"><\/div>\n\t\t<\/div>\n\t\t\t\t<\/div>\n\t\t\t\t<\/div>\n\t\t<div class=\"elementor-element elementor-element-0fae60e e-con-full e-flex e-con e-child\" data-id=\"0fae60e\" data-element_type=\"container\">\n\t\t\t\t<div class=\"elementor-element elementor-element-1b87708 elementor-widget elementor-widget-heading\" data-id=\"1b87708\" data-element_type=\"widget\" data-widget_type=\"heading.default\">\n\t\t\t\t<div class=\"elementor-widget-container\">\n\t\t\t<h2 class=\"elementor-heading-title elementor-size-default\">Quienes<\/h2>\t\t<\/div>\n\t\t\t\t<\/div>\n\t\t\t\t<\/div>\n\t\t<div class=\"elementor-element elementor-element-b04b472 e-con-full e-flex e-con e-child\" data-id=\"b04b472\" data-element_type=\"container\">\n\t\t\t\t<div class=\"elementor-element elementor-element-5655962 elementor-widget elementor-widget-heading\" data-id=\"5655962\" data-element_type=\"widget\" data-widget_type=\"heading.default\">\n\t\t\t\t<div class=\"elementor-widget-container\">\n\t\t\t<h2 class=\"elementor-heading-title elementor-size-default\">Somos ?<\/h2>\t\t<\/div>\n\t\t\t\t<\/div>\n\t\t\t\t<\/div>\n\t\t\t\t<\/div>\n\t\t\t\t<div class=\"elementor-element elementor-element-05aef38 elementor-widget elementor-widget-spacer\" data-id=\"05aef38\" data-element_type=\"widget\" data-widget_type=\"spacer.default\">\n\t\t\t\t<div class=\"elementor-widget-container\">\n\t\t\t\t\t<div class=\"elementor-spacer\">\n\t\t\t<div class=\"elementor-spacer-inner\"><\/div>\n\t\t<\/div>\n\t\t\t\t<\/div>\n\t\t\t\t<\/div>\n\t\t<div class=\"elementor-element elementor-element-d88a073 e-flex e-con-boxed e-con e-child\" data-id=\"d88a073\" data-element_type=\"container\">\n\t\t\t\t\t<div class=\"e-con-inner\">\n\t\t\t\t<div class=\"elementor-element elementor-element-11d9759 elementor-widget elementor-widget-text-editor\" data-id=\"11d9759\" data-element_type=\"widget\" data-widget_type=\"text-editor.default\">\n\t\t\t\t<div class=\"elementor-widget-container\">\n\t\t\t\t\t\t\t<p>Iniciamos nuestras funciones con enuevo milenio por grandes emprendedores del sur del Per\u00fa, con el objetivo de satisfaser las necesidades de los grandes sectores productivos a trav\u00e9s de un sistema de Gesti\u00f3n y una Pol\u00edtica de Calidad.<\/p>\n<p>En AMI Servicios S.A.C. trabajamos con un grupo de profesionales preparados para proveer soluciones totales para la industria y Mineria.<\/p><p><span style=\"text-align: var(--text-align);\">Apostando por el desarrollo profesional de sus colaboradores y el crecimiento con sus socios estrat\u00e9gicos.<\/span><\/p>\t\t\t\t\t\t<\/div>\n\t\t\t\t<\/div>\n\t\t\t\t\t<\/div>\n\t\t\t\t<\/div>\n\t\t\t\t<\/div>\n\t\t<div class=\"elementor-element elementor-element-450c3d2 e-con-full e-flex e-con e-parent\" data-id=\"450c3d2\" data-element_type=\"container\">\n\t\t<div class=\"elementor-element elementor-element-73e8e18 e-con-full e-flex e-con e-child\" data-id=\"73e8e18\" data-element_type=\"container\" data-settings=\"{&quot;background_background&quot;:&quot;classic&quot;}\">\n\t\t\t\t<div class=\"elementor-element elementor-element-49617b5 elementor-widget elementor-widget-image\" data-id=\"49617b5\" data-element_type=\"widget\" data-widget_type=\"image.default\">\n\t\t\t\t<div class=\"elementor-widget-container\">\n\t\t\t\t\t\t\t\t\t\t\t\t\t<img fetchpriority=\"high\" decoding=\"async\" width=\"300\" height=\"300\" src=\"https:\/\/ami.com.pe\/wp-content\/uploads\/2024\/09\/VECTORES-17-300x300.png\" class=\"attachment-medium size-medium wp-image-540\" alt=\"\" srcset=\"https:\/\/ami.com.pe\/wp-content\/uploads\/2024\/09\/VECTORES-17-300x300.png 300w, https:\/\/ami.com.pe\/wp-content\/uploads\/2024\/09\/VECTORES-17-150x150.png 150w, https:\/\/ami.com.pe\/wp-content\/uploads\/2024\/09\/VECTORES-17.png 626w\" sizes=\"100vw\" \/>\t\t\t\t\t\t\t\t\t\t\t\t\t<\/div>\n\t\t\t\t<\/div>\n\t\t\t\t<div class=\"elementor-element elementor-element-f0e6b79 elementor-widget elementor-widget-heading\" data-id=\"f0e6b79\" data-element_type=\"widget\" data-widget_type=\"heading.default\">\n\t\t\t\t<div class=\"elementor-widget-container\">\n\t\t\t<h2 class=\"elementor-heading-title elementor-size-default\">4<\/h2>\t\t<\/div>\n\t\t\t\t<\/div>\n\t\t\t\t<div class=\"elementor-element elementor-element-07272f7 elementor-widget elementor-widget-heading\" data-id=\"07272f7\" data-element_type=\"widget\" data-widget_type=\"heading.default\">\n\t\t\t\t<div class=\"elementor-widget-container\">\n\t\t\t<h2 class=\"elementor-heading-title elementor-size-default\">CENTROS LOGISTICOS<\/h2>\t\t<\/div>\n\t\t\t\t<\/div>\n\t\t\t\t<\/div>\n\t\t<div class=\"elementor-element elementor-element-d94e797 e-con-full e-flex e-con e-child\" data-id=\"d94e797\" data-element_type=\"container\" data-settings=\"{&quot;background_background&quot;:&quot;classic&quot;}\">\n\t\t\t\t<div class=\"elementor-element elementor-element-f98155b elementor-widget elementor-widget-image\" data-id=\"f98155b\" data-element_type=\"widget\" data-widget_type=\"image.default\">\n\t\t\t\t<div class=\"elementor-widget-container\">\n\t\t\t\t\t\t\t\t\t\t\t\t\t<img decoding=\"async\" width=\"300\" height=\"300\" src=\"https:\/\/ami.com.pe\/wp-content\/uploads\/2024\/09\/VECTORES-18-300x300.png\" class=\"attachment-medium size-medium wp-image-541\" alt=\"\" srcset=\"https:\/\/ami.com.pe\/wp-content\/uploads\/2024\/09\/VECTORES-18-300x300.png 300w, https:\/\/ami.com.pe\/wp-content\/uploads\/2024\/09\/VECTORES-18-150x150.png 150w, https:\/\/ami.com.pe\/wp-content\/uploads\/2024\/09\/VECTORES-18.png 626w\" sizes=\"100vw\" \/>\t\t\t\t\t\t\t\t\t\t\t\t\t<\/div>\n\t\t\t\t<\/div>\n\t\t\t\t<div class=\"elementor-element elementor-element-15279a6 elementor-widget elementor-widget-heading\" data-id=\"15279a6\" data-element_type=\"widget\" data-widget_type=\"heading.default\">\n\t\t\t\t<div class=\"elementor-widget-container\">\n\t\t\t<h2 class=\"elementor-heading-title elementor-size-default\">9<\/h2>\t\t<\/div>\n\t\t\t\t<\/div>\n\t\t\t\t<div class=\"elementor-element elementor-element-dc56e46 elementor-widget elementor-widget-heading\" data-id=\"dc56e46\" data-element_type=\"widget\" data-widget_type=\"heading.default\">\n\t\t\t\t<div class=\"elementor-widget-container\">\n\t\t\t<h2 class=\"elementor-heading-title elementor-size-default\">A\u00d1OS DE EXPERIENCIA<\/h2>\t\t<\/div>\n\t\t\t\t<\/div>\n\t\t\t\t<\/div>\n\t\t<div class=\"elementor-element elementor-element-97e5755 e-con-full e-flex e-con e-child\" data-id=\"97e5755\" data-element_type=\"container\" data-settings=\"{&quot;background_background&quot;:&quot;classic&quot;}\">\n\t\t\t\t<div class=\"elementor-element elementor-element-8bc3784 elementor-widget elementor-widget-image\" data-id=\"8bc3784\" data-element_type=\"widget\" data-widget_type=\"image.default\">\n\t\t\t\t<div class=\"elementor-widget-container\">\n\t\t\t\t\t\t\t\t\t\t\t\t\t<img decoding=\"async\" width=\"300\" height=\"300\" src=\"https:\/\/ami.com.pe\/wp-content\/uploads\/2024\/09\/VECTORES-20-300x300.png\" class=\"attachment-medium size-medium wp-image-543\" alt=\"\" srcset=\"https:\/\/ami.com.pe\/wp-content\/uploads\/2024\/09\/VECTORES-20-300x300.png 300w, https:\/\/ami.com.pe\/wp-content\/uploads\/2024\/09\/VECTORES-20-150x150.png 150w, https:\/\/ami.com.pe\/wp-content\/uploads\/2024\/09\/VECTORES-20.png 626w\" sizes=\"100vw\" \/>\t\t\t\t\t\t\t\t\t\t\t\t\t<\/div>\n\t\t\t\t<\/div>\n\t\t\t\t<div class=\"elementor-element elementor-element-b096f95 elementor-widget-mobile__width-initial elementor-widget elementor-widget-heading\" data-id=\"b096f95\" data-element_type=\"widget\" data-widget_type=\"heading.default\">\n\t\t\t\t<div class=\"elementor-widget-container\">\n\t\t\t<h2 class=\"elementor-heading-title elementor-size-default\">11<\/h2>\t\t<\/div>\n\t\t\t\t<\/div>\n\t\t\t\t<div class=\"elementor-element elementor-element-8dcb4d6 elementor-widget elementor-widget-heading\" data-id=\"8dcb4d6\" data-element_type=\"widget\" data-widget_type=\"heading.default\">\n\t\t\t\t<div class=\"elementor-widget-container\">\n\t\t\t<h2 class=\"elementor-heading-title elementor-size-default\">UNIDADES DE NEGOCIO<\/h2>\t\t<\/div>\n\t\t\t\t<\/div>\n\t\t\t\t<\/div>\n\t\t<div class=\"elementor-element elementor-element-d1205c2 e-con-full e-flex e-con e-child\" data-id=\"d1205c2\" data-element_type=\"container\" data-settings=\"{&quot;background_background&quot;:&quot;classic&quot;}\">\n\t\t\t\t<div class=\"elementor-element elementor-element-10b3f91 elementor-widget elementor-widget-image\" data-id=\"10b3f91\" data-element_type=\"widget\" data-widget_type=\"image.default\">\n\t\t\t\t<div class=\"elementor-widget-container\">\n\t\t\t\t\t\t\t\t\t\t\t\t\t<img loading=\"lazy\" decoding=\"async\" width=\"300\" height=\"300\" src=\"https:\/\/ami.com.pe\/wp-content\/uploads\/2024\/09\/VECTORES-19-300x300.png\" class=\"attachment-medium size-medium wp-image-542\" alt=\"\" srcset=\"https:\/\/ami.com.pe\/wp-content\/uploads\/2024\/09\/VECTORES-19-300x300.png 300w, https:\/\/ami.com.pe\/wp-content\/uploads\/2024\/09\/VECTORES-19-150x150.png 150w, https:\/\/ami.com.pe\/wp-content\/uploads\/2024\/09\/VECTORES-19.png 625w\" sizes=\"100vw\" \/>\t\t\t\t\t\t\t\t\t\t\t\t\t<\/div>\n\t\t\t\t<\/div>\n\t\t\t\t<div class=\"elementor-element elementor-element-5b1f5d3 elementor-widget elementor-widget-heading\" data-id=\"5b1f5d3\" data-element_type=\"widget\" data-widget_type=\"heading.default\">\n\t\t\t\t<div class=\"elementor-widget-container\">\n\t\t\t<h2 class=\"elementor-heading-title elementor-size-default\">5<\/h2>\t\t<\/div>\n\t\t\t\t<\/div>\n\t\t\t\t<div class=\"elementor-element elementor-element-678f245 elementor-widget elementor-widget-heading\" data-id=\"678f245\" data-element_type=\"widget\" data-widget_type=\"heading.default\">\n\t\t\t\t<div class=\"elementor-widget-container\">\n\t\t\t<h2 class=\"elementor-heading-title elementor-size-default\">MINERAS ATENDIDAS<\/h2>\t\t<\/div>\n\t\t\t\t<\/div>\n\t\t\t\t<\/div>\n\t\t\t\t<\/div>\n\t\t<div class=\"elementor-element elementor-element-4602e4a e-con-full e-flex e-con e-parent\" data-id=\"4602e4a\" data-element_type=\"container\" data-settings=\"{&quot;background_background&quot;:&quot;classic&quot;}\">\n\t\t<div class=\"elementor-element elementor-element-62bf034 e-con-full e-flex e-con e-child\" data-id=\"62bf034\" data-element_type=\"container\" data-settings=\"{&quot;background_background&quot;:&quot;classic&quot;}\">\n\t\t<div class=\"elementor-element elementor-element-46dbad2 e-con-full e-flex e-con e-child\" data-id=\"46dbad2\" data-element_type=\"container\">\n\t\t\t\t<div class=\"elementor-element elementor-element-54be50b elementor-widget elementor-widget-heading\" data-id=\"54be50b\" data-element_type=\"widget\" data-widget_type=\"heading.default\">\n\t\t\t\t<div class=\"elementor-widget-container\">\n\t\t\t<h2 class=\"elementor-heading-title elementor-size-default\">Canal  <\/h2>\t\t<\/div>\n\t\t\t\t<\/div>\n\t\t\t\t<\/div>\n\t\t<div class=\"elementor-element elementor-element-6c834a9 e-con-full e-flex e-con e-child\" data-id=\"6c834a9\" data-element_type=\"container\">\n\t\t\t\t<div class=\"elementor-element elementor-element-b29e1af elementor-widget elementor-widget-heading\" data-id=\"b29e1af\" data-element_type=\"widget\" data-widget_type=\"heading.default\">\n\t\t\t\t<div class=\"elementor-widget-container\">\n\t\t\t<h2 class=\"elementor-heading-title elementor-size-default\">AUTORIZADO<\/h2>\t\t<\/div>\n\t\t\t\t<\/div>\n\t\t\t\t<\/div>\n\t\t<div class=\"elementor-element elementor-element-cc5429c e-con-full e-flex e-con e-child\" data-id=\"cc5429c\" data-element_type=\"container\">\n\t\t\t\t<div class=\"elementor-element elementor-element-cd7eb42 elementor-widget elementor-widget-heading\" data-id=\"cd7eb42\" data-element_type=\"widget\" data-widget_type=\"heading.default\">\n\t\t\t\t<div class=\"elementor-widget-container\">\n\t\t\t<h2 class=\"elementor-heading-title elementor-size-default\">de las marcas mas reconocida<\/h2>\t\t<\/div>\n\t\t\t\t<\/div>\n\t\t\t\t<\/div>\n\t\t\t\t<\/div>\n\t\t<div class=\"elementor-element elementor-element-f8442a6 e-con-full e-flex e-con e-child\" data-id=\"f8442a6\" data-element_type=\"container\" data-settings=\"{&quot;background_background&quot;:&quot;classic&quot;}\">\n\t\t<div class=\"elementor-element elementor-element-37eb85e e-con-full e-flex e-con e-child\" data-id=\"37eb85e\" data-element_type=\"container\">\n\t\t\t\t<div class=\"elementor-element elementor-element-7681737 elementor-widget elementor-widget-heading\" data-id=\"7681737\" data-element_type=\"widget\" data-widget_type=\"heading.default\">\n\t\t\t\t<div class=\"elementor-widget-container\">\n\t\t\t<h2 class=\"elementor-heading-title elementor-size-default\">\u00c1rea de<\/h2>\t\t<\/div>\n\t\t\t\t<\/div>\n\t\t\t\t<\/div>\n\t\t<div class=\"elementor-element elementor-element-06b5268 e-con-full e-flex e-con e-child\" data-id=\"06b5268\" data-element_type=\"container\">\n\t\t\t\t<div class=\"elementor-element elementor-element-eb41fb3 elementor-widget elementor-widget-heading\" data-id=\"eb41fb3\" data-element_type=\"widget\" data-widget_type=\"heading.default\">\n\t\t\t\t<div class=\"elementor-widget-container\">\n\t\t\t<h2 class=\"elementor-heading-title elementor-size-default\">IMPORTACIONES<\/h2>\t\t<\/div>\n\t\t\t\t<\/div>\n\t\t\t\t<\/div>\n\t\t<div class=\"elementor-element elementor-element-ea82ac0 e-con-full e-flex e-con e-child\" data-id=\"ea82ac0\" data-element_type=\"container\">\n\t\t\t\t<div class=\"elementor-element elementor-element-82f32b0 elementor-widget elementor-widget-heading\" data-id=\"82f32b0\" data-element_type=\"widget\" data-widget_type=\"heading.default\">\n\t\t\t\t<div class=\"elementor-widget-container\">\n\t\t\t<h2 class=\"elementor-heading-title elementor-size-default\">mejor tiempo de entrega, mejor precio y productos a su alcance.<\/h2>\t\t<\/div>\n\t\t\t\t<\/div>\n\t\t\t\t<\/div>\n\t\t\t\t<\/div>\n\t\t<div class=\"elementor-element elementor-element-5d39ecb e-con-full e-flex e-con e-child\" data-id=\"5d39ecb\" data-element_type=\"container\" data-settings=\"{&quot;background_background&quot;:&quot;classic&quot;}\">\n\t\t<div class=\"elementor-element elementor-element-5177d51 e-con-full e-flex e-con e-child\" data-id=\"5177d51\" data-element_type=\"container\">\n\t\t\t\t<div class=\"elementor-element elementor-element-fc8ff1e elementor-widget elementor-widget-heading\" data-id=\"fc8ff1e\" data-element_type=\"widget\" data-widget_type=\"heading.default\">\n\t\t\t\t<div class=\"elementor-widget-container\">\n\t\t\t<h2 class=\"elementor-heading-title elementor-size-default\">Alianza con<\/h2>\t\t<\/div>\n\t\t\t\t<\/div>\n\t\t\t\t<\/div>\n\t\t<div class=\"elementor-element elementor-element-aa8eb20 e-con-full e-flex e-con e-child\" data-id=\"aa8eb20\" data-element_type=\"container\">\n\t\t\t\t<div class=\"elementor-element elementor-element-9f84419 elementor-widget elementor-widget-heading\" data-id=\"9f84419\" data-element_type=\"widget\" data-widget_type=\"heading.default\">\n\t\t\t\t<div class=\"elementor-widget-container\">\n\t\t\t<h2 class=\"elementor-heading-title elementor-size-default\">PROVEEDORES<\/h2>\t\t<\/div>\n\t\t\t\t<\/div>\n\t\t\t\t<\/div>\n\t\t<div class=\"elementor-element elementor-element-e8f807b e-con-full e-flex e-con e-child\" data-id=\"e8f807b\" data-element_type=\"container\">\n\t\t\t\t<div class=\"elementor-element elementor-element-ae2c91b elementor-widget elementor-widget-heading\" data-id=\"ae2c91b\" data-element_type=\"widget\" data-widget_type=\"heading.default\">\n\t\t\t\t<div class=\"elementor-widget-container\">\n\t\t\t<h2 class=\"elementor-heading-title elementor-size-default\">a fin de brindar una soluci\u00f3n integral<\/h2>\t\t<\/div>\n\t\t\t\t<\/div>\n\t\t\t\t<\/div>\n\t\t\t\t<\/div>\n\t\t\t\t<\/div>\n\t\t<div class=\"elementor-element elementor-element-f2c2370 e-con-full e-flex e-con e-parent\" data-id=\"f2c2370\" data-element_type=\"container\">\n\t\t<div class=\"elementor-element elementor-element-5c2e721 e-con-full e-flex e-con e-child\" data-id=\"5c2e721\" data-element_type=\"container\">\n\t\t\t\t<div class=\"elementor-element elementor-element-25fdc07 elementor-widget elementor-widget-image\" data-id=\"25fdc07\" data-element_type=\"widget\" data-widget_type=\"image.default\">\n\t\t\t\t<div class=\"elementor-widget-container\">\n\t\t\t\t\t\t\t\t\t\t\t\t\t<img loading=\"lazy\" decoding=\"async\" width=\"664\" height=\"1140\" src=\"https:\/\/ami.com.pe\/wp-content\/uploads\/2024\/09\/otras-artes.png\" class=\"attachment-full size-full wp-image-599\" alt=\"\" srcset=\"https:\/\/ami.com.pe\/wp-content\/uploads\/2024\/09\/otras-artes.png 664w, https:\/\/ami.com.pe\/wp-content\/uploads\/2024\/09\/otras-artes-175x300.png 175w, https:\/\/ami.com.pe\/wp-content\/uploads\/2024\/09\/otras-artes-596x1024.png 596w\" sizes=\"100vw\" \/>\t\t\t\t\t\t\t\t\t\t\t\t\t<\/div>\n\t\t\t\t<\/div>\n\t\t\t\t<\/div>\n\t\t<div class=\"elementor-element elementor-element-45b29fd e-con-full e-flex e-con e-child\" data-id=\"45b29fd\" data-element_type=\"container\" data-settings=\"{&quot;background_background&quot;:&quot;classic&quot;}\">\n\t\t<div class=\"elementor-element elementor-element-485e515 e-con-full e-flex e-con e-child\" data-id=\"485e515\" data-element_type=\"container\">\n\t\t<div class=\"elementor-element elementor-element-9a10174 e-con-full e-flex e-con e-child\" data-id=\"9a10174\" data-element_type=\"container\">\n\t\t<div class=\"elementor-element elementor-element-ac705af e-con-full e-flex e-con e-child\" data-id=\"ac705af\" data-element_type=\"container\">\n\t\t\t\t<div class=\"elementor-element elementor-element-01c9f2c elementor-widget elementor-widget-heading\" data-id=\"01c9f2c\" data-element_type=\"widget\" data-widget_type=\"heading.default\">\n\t\t\t\t<div class=\"elementor-widget-container\">\n\t\t\t<h2 class=\"elementor-heading-title elementor-size-default\"><u>MI<\/u>SI\u00d3N<\/h2>\t\t<\/div>\n\t\t\t\t<\/div>\n\t\t\t\t<div class=\"elementor-element elementor-element-e4d0e8a elementor-widget elementor-widget-text-editor\" data-id=\"e4d0e8a\" data-element_type=\"widget\" data-widget_type=\"text-editor.default\">\n\t\t\t\t<div class=\"elementor-widget-container\">\n\t\t\t\t\t\t\t<p>Satisfacer las necesidades de los clientes, brindando calidad y garant\u00eda en nuestros productos y servicios con el compromiso de estar predispuestos a las exigencias del mercado y de nuestros clientes<\/p>\t\t\t\t\t\t<\/div>\n\t\t\t\t<\/div>\n\t\t\t\t<\/div>\n\t\t<div class=\"elementor-element elementor-element-096a8a7 e-con-full e-flex e-con e-child\" data-id=\"096a8a7\" data-element_type=\"container\">\n\t\t\t\t<div class=\"elementor-element elementor-element-62eac98 elementor-widget elementor-widget-heading\" data-id=\"62eac98\" data-element_type=\"widget\" data-widget_type=\"heading.default\">\n\t\t\t\t<div class=\"elementor-widget-container\">\n\t\t\t<h2 class=\"elementor-heading-title elementor-size-default\"><u>VI<\/u>SI\u00d3N<\/h2>\t\t<\/div>\n\t\t\t\t<\/div>\n\t\t\t\t<div class=\"elementor-element elementor-element-347a47e elementor-widget elementor-widget-text-editor\" data-id=\"347a47e\" data-element_type=\"widget\" data-widget_type=\"text-editor.default\">\n\t\t\t\t<div class=\"elementor-widget-container\">\n\t\t\t\t\t\t\t<p>Ser l\u00edderes en el mercado regional, nacional e internacional, siendo primordial la innovaci\u00f3n tecnol\u00f3gica empresarial y comercial, rigi\u00e9ndonos en el compromiso, la fidelidad y la comunicaci\u00f3n para con nuestros clientes.<\/p>\t\t\t\t\t\t<\/div>\n\t\t\t\t<\/div>\n\t\t\t\t<\/div>\n\t\t\t\t<\/div>\n\t\t<div class=\"elementor-element elementor-element-35f7392 e-con-full e-flex e-con e-child\" data-id=\"35f7392\" data-element_type=\"container\">\n\t\t\t\t<div class=\"elementor-element elementor-element-c155649 elementor-widget elementor-widget-spacer\" data-id=\"c155649\" data-element_type=\"widget\" data-widget_type=\"spacer.default\">\n\t\t\t\t<div class=\"elementor-widget-container\">\n\t\t\t\t\t<div class=\"elementor-spacer\">\n\t\t\t<div class=\"elementor-spacer-inner\"><\/div>\n\t\t<\/div>\n\t\t\t\t<\/div>\n\t\t\t\t<\/div>\n\t\t\t\t<div class=\"elementor-element elementor-element-bb205e3 elementor-widget elementor-widget-image\" data-id=\"bb205e3\" data-element_type=\"widget\" data-widget_type=\"image.default\">\n\t\t\t\t<div class=\"elementor-widget-container\">\n\t\t\t\t\t\t\t\t\t\t\t\t\t<img loading=\"lazy\" decoding=\"async\" width=\"1197\" height=\"6993\" src=\"https:\/\/ami.com.pe\/wp-content\/uploads\/2024\/09\/vector-nuestra-28.png\" class=\"attachment-full size-full wp-image-644\" alt=\"\" srcset=\"https:\/\/ami.com.pe\/wp-content\/uploads\/2024\/09\/vector-nuestra-28.png 1197w, https:\/\/ami.com.pe\/wp-content\/uploads\/2024\/09\/vector-nuestra-28-263x1536.png 263w\" sizes=\"100vw\" \/>\t\t\t\t\t\t\t\t\t\t\t\t\t<\/div>\n\t\t\t\t<\/div>\n\t\t\t\t<\/div>\n\t\t\t\t<\/div>\n\t\t\t\t<\/div>\n\t\t\t\t<\/div>\n\t\t\t\t<\/div>\n\t\t","protected":false},"excerpt":{"rendered":"<p>Quienes Somos ? Iniciamos nuestras funciones con enuevo milenio por grandes emprendedores del sur del Per\u00fa, con el objetivo de satisfaser las necesidades de los grandes sectores productivos a trav\u00e9s de un sistema de Gesti\u00f3n y una Pol\u00edtica de Calidad. En AMI Servicios S.A.C. trabajamos con un grupo de profesionales preparados para proveer soluciones totales &hellip; <\/p>\n<p class=\"link-more\"><a href=\"https:\/\/ami.com.pe\/index.php\/acerca-de\/\" class=\"more-link\">Leer m\u00e1s<span class=\"screen-reader-text\"> \u00abAcerca de\u00bb<\/span><\/a><\/p>\n","protected":false},"author":1,"featured_media":463,"parent":0,"menu_order":0,"comment_status":"closed","ping_status":"closed","template":"page-templates\/homepage-no-hero.php","meta":{"footnotes":""},"class_list":["post-20","page","type-page","status-publish","has-post-thumbnail","hentry"],"_links":{"self":[{"href":"https:\/\/ami.com.pe\/index.php\/wp-json\/wp\/v2\/pages\/20","targetHints":{"allow":["GET"]}}],"collection":[{"href":"https:\/\/ami.com.pe\/index.php\/wp-json\/wp\/v2\/pages"}],"about":[{"href":"https:\/\/ami.com.pe\/index.php\/wp-json\/wp\/v2\/types\/page"}],"author":[{"embeddable":true,"href":"https:\/\/ami.com.pe\/index.php\/wp-json\/wp\/v2\/users\/1"}],"replies":[{"embeddable":true,"href":"https:\/\/ami.com.pe\/index.php\/wp-json\/wp\/v2\/comments?post=20"}],"version-history":[{"count":145,"href":"https:\/\/ami.com.pe\/index.php\/wp-json\/wp\/v2\/pages\/20\/revisions"}],"predecessor-version":[{"id":683,"href":"https:\/\/ami.com.pe\/index.php\/wp-json\/wp\/v2\/pages\/20\/revisions\/683"}],"wp:featuredmedia":[{"embeddable":true,"href":"https:\/\/ami.com.pe\/index.php\/wp-json\/wp\/v2\/media\/463"}],"wp:attachment":[{"href":"https:\/\/ami.com.pe\/index.php\/wp-json\/wp\/v2\/media?parent=20"}],"curies":[{"name":"wp","href":"https:\/\/api.w.org\/{rel}","templated":true}]}}